{"id":2,"date":"2026-03-27T19:17:13","date_gmt":"2026-03-27T19:17:13","guid":{"rendered":"https:\/\/brigadapabloneruda.org\/?page_id=2"},"modified":"2026-03-27T21:21:27","modified_gmt":"2026-03-27T21:21:27","slug":"sample-page","status":"publish","type":"page","link":"https:\/\/brigadapabloneruda.org\/index.php\/sample-page\/","title":{"rendered":"Brigada Pablo Neruda"},"content":{"rendered":"\n<h2 class=\"wp-block-heading\">Collezione di murales storici cileni in Italia 1973-1984<\/h2>\n\n\n\n<figure class=\"wp-block-image size-large\"><img loading=\"lazy\" decoding=\"async\" width=\"1024\" height=\"683\" src=\"https:\/\/brigadapabloneruda.org\/wp-content\/uploads\/2026\/03\/carpeta-1024x683.jpg\" alt=\"Cartella illustrazioni\" class=\"wp-image-7\" srcset=\"https:\/\/brigadapabloneruda.org\/wp-content\/uploads\/2026\/03\/carpeta-1024x683.jpg 1024w, https:\/\/brigadapabloneruda.org\/wp-content\/uploads\/2026\/03\/carpeta-300x200.jpg 300w, https:\/\/brigadapabloneruda.org\/wp-content\/uploads\/2026\/03\/carpeta-768x512.jpg 768w, https:\/\/brigadapabloneruda.org\/wp-content\/uploads\/2026\/03\/carpeta-1536x1024.jpg 1536w, https:\/\/brigadapabloneruda.org\/wp-content\/uploads\/2026\/03\/carpeta-2048x1365.jpg 2048w\" sizes=\"auto, (max-width: 1024px) 100vw, 1024px\" \/><figcaption class=\"wp-element-caption\">Cartella illustrazioni<\/figcaption><\/figure>\n\n\n\n<p>La <strong>Brigada Pablo Neruda<\/strong> fu un collettivo artistico in Italia durante gli anni della dittatura di Pinochet in Cile.<\/p>\n\n\n\n<p>Giovani artisti da diversi strati sociali e culturali, esprimevano con i loro colori il dolore del Cile e del sudamerica nei muri di tante citt\u00e0 italiane.<\/p>\n\n\n\n<p><\/p>\n\n\n\n<p>La <strong>Brigada Pablo Neruda<\/strong> fue una formaci\u00f3n art\u00edstica radicada en Italia durante los primeros a\u00f1os de la dictadura de Pinochet en Chile.\u00a0<\/p>\n\n\n\n<p>J\u00f3venes chilenos con diferentes historias y experiencias de vida, plasmaron en muros de toda Italia la pena de Chile y Latinoam\u00e9rica.<\/p>\n\n\n\n<p><\/p>\n\n\n\n<p>The <strong>Brigada Pablo Neruda<\/strong> was an artistic formation based in Italy during the early years of the Pinochet dictatorship in Chile.\u00a0<\/p>\n\n\n\n<p>Young Chileans with different stories and life experiences, captured on walls all over Italy the sorrow of Chile and Latin America.<\/p>\n","protected":false},"excerpt":{"rendered":"<p>Collezione di murales storici cileni in Italia 1973-1984 La Brigada Pablo Neruda fu un collettivo artistico in Italia durante gli anni della dittatura di Pinochet in Cile. Giovani artisti da diversi strati sociali e culturali, esprimevano con i loro colori il dolore del Cile e del sudamerica nei muri di tante citt\u00e0 italiane. La Brigada [&hellip;]<\/p>\n","protected":false},"author":1,"featured_media":0,"parent":0,"menu_order":0,"comment_status":"closed","ping_status":"open","template":"","meta":{"footnotes":""},"class_list":["post-2","page","type-page","status-publish","hentry"],"_links":{"self":[{"href":"https:\/\/brigadapabloneruda.org\/index.php\/wp-json\/wp\/v2\/pages\/2","targetHints":{"allow":["GET"]}}],"collection":[{"href":"https:\/\/brigadapabloneruda.org\/index.php\/wp-json\/wp\/v2\/pages"}],"about":[{"href":"https:\/\/brigadapabloneruda.org\/index.php\/wp-json\/wp\/v2\/types\/page"}],"author":[{"embeddable":true,"href":"https:\/\/brigadapabloneruda.org\/index.php\/wp-json\/wp\/v2\/users\/1"}],"replies":[{"embeddable":true,"href":"https:\/\/brigadapabloneruda.org\/index.php\/wp-json\/wp\/v2\/comments?post=2"}],"version-history":[{"count":3,"href":"https:\/\/brigadapabloneruda.org\/index.php\/wp-json\/wp\/v2\/pages\/2\/revisions"}],"predecessor-version":[{"id":10,"href":"https:\/\/brigadapabloneruda.org\/index.php\/wp-json\/wp\/v2\/pages\/2\/revisions\/10"}],"wp:attachment":[{"href":"https:\/\/brigadapabloneruda.org\/index.php\/wp-json\/wp\/v2\/media?parent=2"}],"curies":[{"name":"wp","href":"https:\/\/api.w.org\/{rel}","templated":true}]}}